{"id":101,"date":"2021-02-18T20:25:15","date_gmt":"2021-02-18T19:25:15","guid":{"rendered":"https:\/\/staging.centreevasion.com\/?page_id=101"},"modified":"2025-01-11T19:46:03","modified_gmt":"2025-01-12T00:46:03","slug":"accueil","status":"publish","type":"page","link":"https:\/\/staging.centreevasion.com\/","title":{"rendered":"Accueil"},"content":{"rendered":"\n<h2 class=\"wp-block-heading has-text-align-center has-medium-font-size\"><strong>Campagne de financement &#8211; L&rsquo;humain derri\u00e8re la maladie &#8211; un don qui fait du sens <\/strong><\/h2>\n\n\n\n<div class=\"wp-block-buttons is-content-justification-center is-layout-flex wp-container-core-buttons-is-layout-16018d1d wp-block-buttons-is-layout-flex\">\n<div class=\"wp-block-button has-custom-width wp-block-button__width-25 is-style-fill\"><a class=\"wp-block-button__link has-vivid-red-background-color has-background wp-element-button\" href=\"https:\/\/www.zeffy.com\/fr-CA\/donation-form\/centre-evasion-lhumain-derriere-la-maladie-un-cadeau-qui-fait-du-sens?fbclid=IwZXh0bgNhZW0CMTEAAR2rwJr2_9tBHMJKYsCNgEbPZpE-AaDnMS0v3N9RQB4e4VpoMna-FRJD6aQ_aem_1BCeX-qK160Lyktzv6wApw\" target=\"_blank\" rel=\"noreferrer noopener\"><strong>DONNEZ MAINTENANT<\/strong><\/a><\/div>\n<\/div>\n\n\n\n<p><\/p>\n\n\n\n<h1 class=\"wp-block-heading has-text-align-center has-vivid-red-color has-text-color\"><strong>STIMULATION &#8211; R\u00c9PIT SUR L&rsquo;\u00ceLE DE MONTR\u00c9AL<\/strong><br>Centre de jour &#8211; Domicile &#8211; H\u00e9bergement courte dur\u00e9e<\/h1>\n\n\n\n<h2 class=\"wp-block-heading has-text-align-center\"><strong>Services aux personnes en perte d&rsquo;autonomie et \u00e0 leurs proches aidants<\/strong><\/h2>\n\n\n\n<h2 class=\"wp-block-heading has-text-align-center has-vivid-red-color has-text-color\"><strong>Des solutions \u00e0 grandeur humaines<\/strong> <strong>pour r\u00e9pondre<\/strong><br><strong>aux besoins uniques de chaque famille&nbsp;<\/strong><\/h2>\n\n\n\n<div class=\"wp-block-columns is-layout-flex wp-container-core-columns-is-layout-9d6595d7 wp-block-columns-is-layout-flex\">\n<div class=\"wp-block-column is-layout-flow wp-block-column-is-layout-flow\" style=\"flex-basis:50%\">\n<div class=\"wp-block-group is-vertical is-layout-flex wp-container-core-group-is-layout-8cf370e7 wp-block-group-is-layout-flex\">\n<p><\/p>\n\n\n\n<div class=\"wp-block-group\"><div class=\"wp-block-group__inner-container is-layout-constrained wp-block-group-is-layout-constrained\">\n<p class=\"has-medium-font-size\">Nos services de r\u00e9pit et stimulation sont adapt\u00e9s et personnalis\u00e9s en prenant en compte de vos besoins sp\u00e9cifiques,  c\u2019est-\u00e0-dire de la personne qui est en perte d\u2019autonomie et de leurs proches aidants et ce, tant au niveau cognitif, physique que financier.<\/p>\n\n\n\n<p class=\"has-medium-font-size\">Notre personnel qualifi\u00e9 et bienveillant intervient aupr\u00e8s des personnes a\u00een\u00e9es en perte d\u2019autonomie, de l\u00e9g\u00e8re \u00e0 lourde tout en cr\u00e9ant une ambiance familiale et s\u00e9curitaire o\u00f9 toutes et tous se sentent respect\u00e9s.<\/p>\n\n\n\n<p class=\"has-medium-font-size\">Notre approche non clinique permet d&rsquo;accommoder plusieurs pathologies, incluant la maladie d\u2019Alzheimer et autres maladies d\u00e9g\u00e9n\u00e9ratives, les troubles de sant\u00e9 mentale, ainsi que celles ayant une d\u00e9ficience intellectuelle.<\/p>\n\n\n\n<div style=\"height:33px\" aria-hidden=\"true\" class=\"wp-block-spacer\"><\/div>\n<\/div><\/div>\n<\/div>\n<\/div>\n\n\n\n<div class=\"wp-block-column is-vertically-aligned-stretch is-layout-flow wp-block-column-is-layout-flow\" style=\"flex-basis:50%\">\n<figure class=\"wp-block-embed aligncenter is-type-video is-provider-youtube wp-block-embed-youtube wp-embed-aspect-16-9 wp-has-aspect-ratio\"><div class=\"wp-block-embed__wrapper\">\n<iframe title=\"Maison Gilles-Carle \u00c9vasion\" width=\"500\" height=\"281\" src=\"https:\/\/www.youtube.com\/embed\/aO1LzCHX8i0?start=92&#038;feature=oembed\" frameborder=\"0\" allow=\"accelerometer; autoplay; clipboard-write; encrypted-media; gyroscope; picture-in-picture; web-share\" referrerpolicy=\"strict-origin-when-cross-origin\" allowfullscreen><\/iframe> \n<\/div><\/figure>\n\n\n\n<figure class=\"wp-block-embed is-type-video is-provider-youtube wp-block-embed-youtube wp-embed-aspect-16-9 wp-has-aspect-ratio\"><div class=\"wp-block-embed__wrapper\">\n<iframe title=\"MGC \u00c9vasion   Montr\u00e9al\" width=\"500\" height=\"281\" src=\"https:\/\/www.youtube.com\/embed\/Zn52O8k-1Dg?feature=oembed\" frameborder=\"0\" allow=\"accelerometer; autoplay; clipboard-write; encrypted-media; gyroscope; picture-in-picture; web-share\" referrerpolicy=\"strict-origin-when-cross-origin\" allowfullscreen><\/iframe>\n<\/div><\/figure>\n<\/div>\n<\/div>\n\n\n\n<h2 class=\"wp-block-heading has-text-align-center has-vivid-red-color has-text-color\"><strong>DES SERVICES&nbsp;<\/strong><\/h2>\n\n\n\n<ul class=\"wp-block-list\">\n<li class=\"has-medium-font-size\"><strong>ACCOMMODANT<\/strong> \u2013 Service \u00e0 domicile offert jours sur 7<\/li>\n\n\n\n<li class=\"has-medium-font-size\"><strong>ACCESSIBLE<\/strong> \u2013 Sur place, aucun d\u00e9placement n\u00e9cessaire<\/li>\n\n\n\n<li class=\"has-medium-font-size\"><strong>ACCUEILLANT<\/strong> \u2013 S\u00e9curitaire, confortable et plaisant<\/li>\n\n\n\n<li class=\"has-medium-font-size\"><strong>ABORDABLE<\/strong> \u2013 Un co\u00fbt accessible \u00e9galement aux familles \u00e0 faible revenu&nbsp;<\/li>\n\n\n\n<li class=\"has-medium-font-size\"><strong>ADAPTABLE<\/strong> \u2013 Ouvert \u00e0 toutes personnes de 18 ans + en perte d\u2019autonomie<\/li>\n<\/ul>\n\n\n\n<h2 class=\"wp-block-heading has-text-align-center has-vivid-red-color has-text-color\"><strong>QUELS SONT LES BIENFAITS DES SERVICES DE STIMULATION ET DE R\u00c9PIT<\/strong><\/h2>\n\n\n\n<div class=\"wp-block-columns are-vertically-aligned-bottom is-layout-flex wp-container-core-columns-is-layout-9d6595d7 wp-block-columns-is-layout-flex\">\n<div class=\"wp-block-column is-vertically-aligned-bottom is-layout-flow wp-block-column-is-layout-flow\" style=\"flex-basis:100%\">\n<div class=\"wp-block-columns is-layout-flex wp-container-core-columns-is-layout-9d6595d7 wp-block-columns-is-layout-flex\">\n<div class=\"wp-block-column is-layout-flow wp-block-column-is-layout-flow\" style=\"flex-basis:100%\">\n<h2 class=\"wp-block-heading has-text-align-left has-vivid-red-color has-text-color\"><strong>Pour les personnes en perte d&rsquo;autonomie<\/strong><\/h2>\n\n\n\n<ul class=\"wp-block-list\">\n<li class=\"has-medium-font-size\">Pr\u00e9serve la sant\u00e9 mentale en offrant l\u2019occasion de s\u2019exprimer librement<\/li>\n\n\n\n<li class=\"has-medium-font-size\">Pr\u00e9vient le d\u00e9clin cognitif, favorise l\u2019agilit\u00e9 mentale et la concentration<\/li>\n\n\n\n<li class=\"has-medium-font-size\">Permet de rester dans leur domicile<\/li>\n\n\n\n<li class=\"has-medium-font-size\">Opportunit\u00e9 de nouer des liens et de renforcer leurs connexions sociales<\/li>\n<\/ul>\n\n\n\n<h2 class=\"wp-block-heading has-text-align-left has-vivid-red-color has-text-color\"><strong>Pour les personnes proches aidantes<\/strong><\/h2>\n\n\n\n<ul class=\"wp-block-list\">\n<li class=\"has-medium-font-size\">Diminue le stress, la fatigue physique et \u00e9motionnelle<\/li>\n\n\n\n<li class=\"has-medium-font-size\">Pr\u00e9vient l\u2019\u00e9puisement et permet de faire ses occupations<\/li>\n\n\n\n<li class=\"has-medium-font-size\">\u00c9vite l\u2019isolement social<\/li>\n\n\n\n<li class=\"has-medium-font-size\">B\u00e9n\u00e9ficie d\u2019un moment pour prendre du recul afin d\u2019y voir plus clair<\/li>\n<\/ul>\n<\/div>\n<\/div>\n<\/div>\n<\/div>\n\n\n\n<h2 class=\"wp-block-heading has-vivid-red-color has-text-color\">Nos services :<\/h2>\n\n\n\n<div class=\"wp-block-group\"><div class=\"wp-block-group__inner-container is-layout-flow wp-block-group-is-layout-flow\">\n<div class=\"wp-block-columns is-layout-flex wp-container-core-columns-is-layout-9d6595d7 wp-block-columns-is-layout-flex\">\n<div class=\"wp-block-column is-layout-flow wp-block-column-is-layout-flow\">\n<div class=\"wp-block-group\"><div class=\"wp-block-group__inner-container is-layout-flow wp-block-group-is-layout-flow\">\n<div class=\"wp-block-cover is-light\" style=\"min-height:250px;aspect-ratio:unset;\"><span aria-hidden=\"true\" class=\"wp-block-cover__background has-background-dim\"><\/span><img fetchpriority=\"high\" decoding=\"async\" width=\"720\" height=\"960\" class=\"wp-block-cover__image-background wp-image-1355\" alt=\"\" src=\"https:\/\/staging.centreevasion.com\/wp-content\/uploads\/2022\/10\/119096369_3277458685707586_3626412349625687339_o.jpg\" style=\"object-position:74% 81%\" data-object-fit=\"cover\" data-object-position=\"74% 81%\" srcset=\"https:\/\/staging.centreevasion.com\/wp-content\/uploads\/2022\/10\/119096369_3277458685707586_3626412349625687339_o.jpg 720w, https:\/\/staging.centreevasion.com\/wp-content\/uploads\/2022\/10\/119096369_3277458685707586_3626412349625687339_o-225x300.jpg 225w\" sizes=\"(max-width: 720px) 100vw, 720px\" \/><div class=\"wp-block-cover__inner-container is-layout-flow wp-block-cover-is-layout-flow\">\n<p class=\"has-text-align-center has-white-color has-text-color\" style=\"font-size:19px\"><strong><a href=\"\/index.php\/hebergement-maison-gilles-carle\/\" data-type=\"link\" data-id=\"\/index.php\/centre-de-jour\/\"><mark style=\"background-color:rgba(0, 0, 0, 0)\" class=\"has-inline-color has-white-color\">Maison Gilles-Carle \u00c9vasion<\/mark><\/a><\/strong><\/p>\n<\/div><\/div>\n\n\n\n<p class=\"has-text-align-center\"><strong>Maison Gilles-Carl<\/strong>e <br>EN Construction<\/p>\n<\/div><\/div>\n<\/div>\n\n\n\n<div class=\"wp-block-column is-layout-flow wp-block-column-is-layout-flow\">\n<div class=\"wp-block-group\"><div class=\"wp-block-group__inner-container is-layout-flow wp-block-group-is-layout-flow\">\n<div class=\"wp-block-group\"><div class=\"wp-block-group__inner-container is-layout-flow wp-block-group-is-layout-flow\">\n<div class=\"wp-block-cover is-light\" style=\"min-height:250px;aspect-ratio:unset;\"><span aria-hidden=\"true\" class=\"wp-block-cover__background has-background-dim\"><\/span><img decoding=\"async\" width=\"720\" height=\"960\" class=\"wp-block-cover__image-background wp-image-1357\" alt=\"\" src=\"https:\/\/staging.centreevasion.com\/wp-content\/uploads\/2022\/10\/118957443_3277458465707608_672057277350233139_o.jpg\" data-object-fit=\"cover\" srcset=\"https:\/\/staging.centreevasion.com\/wp-content\/uploads\/2022\/10\/118957443_3277458465707608_672057277350233139_o.jpg 720w, https:\/\/staging.centreevasion.com\/wp-content\/uploads\/2022\/10\/118957443_3277458465707608_672057277350233139_o-225x300.jpg 225w\" sizes=\"(max-width: 720px) 100vw, 720px\" \/><div class=\"wp-block-cover__inner-container is-layout-flow wp-block-cover-is-layout-flow\">\n<p class=\"has-text-align-center has-white-color has-text-color\" style=\"font-size:19px\"><strong><a href=\"\/index.php\/centre-de-jour\/\" data-type=\"link\" data-id=\"\/index.php\/centre-de-jour\/\"><mark style=\"background-color:rgba(0, 0, 0, 0)\" class=\"has-inline-color has-white-color\">Centre de jour<\/mark><\/a><\/strong><\/p>\n<\/div><\/div>\n\n\n\n<p class=\"has-text-align-center\"><strong>Centre de jour<\/strong><br>\u00e0 Montr\u00e9al proposant des activit\u00e9s de stimulation th\u00e9rapeutique favorisant la sociabilisation des participants.<\/p>\n<\/div><\/div>\n<\/div><\/div>\n<\/div>\n\n\n\n<div class=\"wp-block-column is-layout-flow wp-block-column-is-layout-flow\">\n<div class=\"wp-block-group\"><div class=\"wp-block-group__inner-container is-layout-flow wp-block-group-is-layout-flow\">\n<div class=\"wp-block-cover is-light\" style=\"min-height:250px;aspect-ratio:unset;\"><span aria-hidden=\"true\" class=\"wp-block-cover__background has-background-dim\"><\/span><img decoding=\"async\" width=\"2121\" height=\"1414\" class=\"wp-block-cover__image-background wp-image-1363\" alt=\"\" src=\"https:\/\/staging.centreevasion.com\/wp-content\/uploads\/2022\/10\/iStock-1195556937.jpg\" style=\"object-position:53% 48%\" data-object-fit=\"cover\" data-object-position=\"53% 48%\" srcset=\"https:\/\/staging.centreevasion.com\/wp-content\/uploads\/2022\/10\/iStock-1195556937.jpg 2121w, https:\/\/staging.centreevasion.com\/wp-content\/uploads\/2022\/10\/iStock-1195556937-300x200.jpg 300w, https:\/\/staging.centreevasion.com\/wp-content\/uploads\/2022\/10\/iStock-1195556937-1024x683.jpg 1024w, https:\/\/staging.centreevasion.com\/wp-content\/uploads\/2022\/10\/iStock-1195556937-768x512.jpg 768w, https:\/\/staging.centreevasion.com\/wp-content\/uploads\/2022\/10\/iStock-1195556937-1536x1024.jpg 1536w, https:\/\/staging.centreevasion.com\/wp-content\/uploads\/2022\/10\/iStock-1195556937-2048x1365.jpg 2048w, https:\/\/staging.centreevasion.com\/wp-content\/uploads\/2022\/10\/iStock-1195556937-800x533.jpg 800w\" sizes=\"(max-width: 2121px) 100vw, 2121px\" \/><div class=\"wp-block-cover__inner-container is-layout-flow wp-block-cover-is-layout-flow\">\n<p class=\"has-text-align-center has-white-color has-text-color\" style=\"font-size:19px\"><strong><a href=\"\/index.php\/service-a-domicile\/\" data-type=\"link\" data-id=\"\/index.php\/service-a-domicile\/\"><mark style=\"background-color:rgba(0, 0, 0, 0)\" class=\"has-inline-color has-white-color\">Service \u00e0 domicile<\/mark><\/a><\/strong><\/p>\n<\/div><\/div>\n\n\n\n<p class=\"has-text-align-center\"><strong>Un accompagnement sur mesure<\/strong><br>d\u00e9livr\u00e9 par des sp\u00e9cialistes, au domicile du b\u00e9n\u00e9ficiaire.<\/p>\n<\/div><\/div>\n<\/div>\n<\/div>\n<\/div><\/div>\n\n\n\n<div class=\"wp-block-group\"><div class=\"wp-block-group__inner-container is-layout-flow wp-block-group-is-layout-flow\">\n<h2 class=\"wp-block-heading has-vivid-red-color has-text-color\" style=\"font-size:30px\">T\u00e9moignage :<\/h2>\n\n\n<ul class=\"wp-block-latest-posts__list wp-block-latest-posts\"><li><a class=\"wp-block-latest-posts__post-title\" href=\"https:\/\/staging.centreevasion.com\/index.php\/2021\/08\/03\/test\/\">Patricia<\/a><div class=\"wp-block-latest-posts__post-full-content\"><!-- wp:pullquote {\"style\":{\"typography\":{\"fontStyle\":\"normal\",\"fontWeight\":\"300\"}},\"fontSize\":\"small\"} -->\n<figure class=\"wp-block-pullquote has-small-font-size\" style=\"font-style:normal;font-weight:300\"><blockquote><p><em>En tant que proche-aidant qui travaille \u00e0 temps plein, sortir travailler en ces temps de pand\u00e9mie est un d\u00e9fit en soi, mais lorsqu\u2019on a la responsabilit\u00e9 d\u2019une personne \u00e2g\u00e9e, vuln\u00e9rable de surcroit, le d\u00e9fi est  double.<\/em><br><em>Ainsi, avec l\u2019ouverture de la Maison Gilles Carle \u00c9vasion (MGC\u00c9), j\u2019ai commenc\u00e9 par la visiter avant de d\u00e9cider si, oui ou non, j\u2019allais utiliser les services de r\u00e9pit offerts. Bien que chaque chambre, et chaque salle jusqu\u2019au moindre recoin \u00e9taient spacieuses et d\u00e9cor\u00e9es avec go\u00fbt, ce fut les mesures de s\u00e9curit\u00e9 sant\u00e9 qui me pr\u00e9occupaient le plus. J\u2019ai \u00e9t\u00e9 tr\u00e8s surprise par la qualit\u00e9 de ces mesures. Ce sont ces mesures qui ont permis \u00e0 la personne vuln\u00e9rable dont je m\u2019occupe de venir \u00e0 la MGC\u00c9.<\/em><br><em>Elle en revient heureuse et ma tranquillit\u00e9 d\u2019esprit me permet d\u2019aller travailler. Il est certain qu\u2019en ces temps difficile, la d\u00e9cision est malais\u00e9e mais garder une personne enferm\u00e9e dans la maison jour apr\u00e8s jour dans une p\u00e9riode de vie qui va durer peut-\u00eatre encore un an ou plus n\u2019est certainement pas mieux pour la sant\u00e9 mentale de qui que ce soit et la MGC\u00c9 prend des mesures bien plus draconiennes que j\u2019esp\u00e9rais. Merci au personnel de la MGC\u00c9 !<\/em><\/p><cite>Patricia<\/cite><\/blockquote><\/figure>\n<!-- \/wp:pullquote --><\/div><\/li>\n<\/ul>\n\n\n<h2 class=\"wp-block-heading has-text-align-center has-vivid-red-color has-text-color\" style=\"font-size:30px\">Notre approche non-clinique est ax\u00e9e sur la personne, le respect de l&rsquo;a\u00een\u00e9, de sa dignit\u00e9 et de son v\u00e9cu.<\/h2>\n<\/div><\/div>\n","protected":false},"excerpt":{"rendered":"<p>Campagne de financement &#8211; L&rsquo;humain derri\u00e8re la maladie &#8211; un don qui fait du sens STIMULATION &#8211; R\u00c9PIT SUR L&rsquo;\u00ceLE DE MONTR\u00c9ALCentre de jour &#8211; Domicile &#8211; H\u00e9bergement courte dur\u00e9e Services aux personnes en perte d&rsquo;autonomie et \u00e0 leurs proches aidants Des solutions \u00e0 grandeur humaines pour r\u00e9pondreaux besoins uniques de chaque famille&nbsp; Nos services de r\u00e9pit et stimulation sont adapt\u00e9s et personnalis\u00e9s en prenant en compte de vos besoins sp\u00e9cifiques, c\u2019est-\u00e0-dire de la personne qui est en perte d\u2019autonomie et de leurs proches aidants et ce, tant au niveau cognitif, physique que financier. Notre<\/p>\n<p><a class=\"more-link\" href=\"https:\/\/staging.centreevasion.com\/\">Read More<\/a><\/p>\n","protected":false},"author":1,"featured_media":0,"parent":0,"menu_order":0,"comment_status":"closed","ping_status":"closed","template":"templates\/template-full-width.php","meta":{"footnotes":""},"class_list":["post-101","page","type-page","status-publish","hentry"],"_links":{"self":[{"href":"https:\/\/staging.centreevasion.com\/index.php\/wp-json\/wp\/v2\/pages\/101","targetHints":{"allow":["GET"]}}],"collection":[{"href":"https:\/\/staging.centreevasion.com\/index.php\/wp-json\/wp\/v2\/pages"}],"about":[{"href":"https:\/\/staging.centreevasion.com\/index.php\/wp-json\/wp\/v2\/types\/page"}],"author":[{"embeddable":true,"href":"https:\/\/staging.centreevasion.com\/index.php\/wp-json\/wp\/v2\/users\/1"}],"replies":[{"embeddable":true,"href":"https:\/\/staging.centreevasion.com\/index.php\/wp-json\/wp\/v2\/comments?post=101"}],"version-history":[{"count":357,"href":"https:\/\/staging.centreevasion.com\/index.php\/wp-json\/wp\/v2\/pages\/101\/revisions"}],"predecessor-version":[{"id":1783,"href":"https:\/\/staging.centreevasion.com\/index.php\/wp-json\/wp\/v2\/pages\/101\/revisions\/1783"}],"wp:attachment":[{"href":"https:\/\/staging.centreevasion.com\/index.php\/wp-json\/wp\/v2\/media?parent=101"}],"curies":[{"name":"wp","href":"https:\/\/api.w.org\/{rel}","templated":true}]}}