{"id":11,"date":"2021-02-18T05:28:52","date_gmt":"2021-02-18T04:28:52","guid":{"rendered":"https:\/\/staging.centreevasion.com\/?page_id=11"},"modified":"2022-12-01T21:17:52","modified_gmt":"2022-12-01T20:17:52","slug":"centre-de-jour","status":"publish","type":"page","link":"https:\/\/staging.centreevasion.com\/index.php\/centre-de-jour\/","title":{"rendered":"Centre de jour"},"content":{"rendered":"\n<h2 class=\"has-vivid-red-color has-text-color wp-block-heading\">Activit\u00e9s de stimulation th\u00e9rapeutique en groupe<\/h2>\n\n\n\n<p>Le service de stimulation th\u00e9rapeutique est d\u00e9livr\u00e9 par des intervenants qualifi\u00e9s (r\u00e9cr\u00e9ologues, \u00e9ducateurs sp\u00e9cialis\u00e9s et techniciens en loisirs) et vise le maintien et le d\u00e9veloppement des capacit\u00e9s physiques, cognitives, psychologiques et sociales des participants. Les \u00e9changes culturels sont favoris\u00e9s par le personnel du centre qui adapte les activit\u00e9s en fonction du groupe de participants.<\/p>\n\n\n\n<p><strong>Ce service est offert du lundi au vendredi, de 10 h \u00e0 15 h.<\/strong> Il est accessible \u00e0 tous les b\u00e9n\u00e9ficiaires inscrits \u00e0 la semaine ou au mois. Demi-jour et heures allong\u00e9es de 8h00 \u00e0 17h00 \u00e9galement disponibles.<\/p>\n\n\n\n<ul class=\"wp-block-list\">\n<li>Programme d\u2019activit\u00e9 adapt\u00e9 \u00e0 une client\u00e8le autonome ou en perte d\u2019autonomie physique et\/ou cognitive; les activit\u00e9s respectent la dignit\u00e9 et la confidentialit\u00e9 de la personne.<\/li>\n\n\n\n<li>Mat\u00e9riel d\u2019activit\u00e9s compris<\/li>\n\n\n\n<li>Collations et repas chaud inclus<\/li>\n\n\n\n<li>Service offert en anglais et fran\u00e7ais, ainsi qu\u2019en plusieurs autres langues<\/li>\n\n\n\n<li>Activit\u00e9s physiques, d&rsquo;apprentissage cognitifs et d&rsquo;\u00e9changes socioculturelles<\/li>\n<\/ul>\n\n\n\n<div class=\"wp-block-group\"><div class=\"wp-block-group__inner-container is-layout-flow wp-block-group-is-layout-flow\">\n<div class=\"wp-block-buttons is-content-justification-center is-layout-flex wp-container-core-buttons-is-layout-16018d1d wp-block-buttons-is-layout-flex\">\n<div class=\"wp-block-button\"><a class=\"wp-block-button__link has-white-color has-vivid-red-background-color has-text-color has-background wp-element-button\" href=\"https:\/\/staging.centreevasion.com\/index.php\/demande-inscription\/\">Inscription<\/a><\/div>\n<\/div>\n<\/div><\/div>\n","protected":false},"excerpt":{"rendered":"<p>Activit\u00e9s de stimulation th\u00e9rapeutique en groupe Le service de stimulation th\u00e9rapeutique est d\u00e9livr\u00e9 par des intervenants qualifi\u00e9s (r\u00e9cr\u00e9ologues, \u00e9ducateurs sp\u00e9cialis\u00e9s et techniciens en loisirs) et vise le maintien et le d\u00e9veloppement des capacit\u00e9s physiques, cognitives, psychologiques et sociales des participants. Les \u00e9changes culturels sont favoris\u00e9s par le personnel du centre qui adapte les activit\u00e9s en fonction du groupe de participants. Ce service est offert du lundi au vendredi, de 10 h \u00e0 15 h. Il est accessible \u00e0 tous les b\u00e9n\u00e9ficiaires inscrits \u00e0 la semaine ou au mois. Demi-jour et heures allong\u00e9es de 8h00 \u00e0<\/p>\n<p><a class=\"more-link\" href=\"https:\/\/staging.centreevasion.com\/index.php\/centre-de-jour\/\">Read More<\/a><\/p>\n","protected":false},"author":1,"featured_media":0,"parent":0,"menu_order":0,"comment_status":"closed","ping_status":"closed","template":"","meta":{"footnotes":""},"class_list":["post-11","page","type-page","status-publish","hentry"],"_links":{"self":[{"href":"https:\/\/staging.centreevasion.com\/index.php\/wp-json\/wp\/v2\/pages\/11","targetHints":{"allow":["GET"]}}],"collection":[{"href":"https:\/\/staging.centreevasion.com\/index.php\/wp-json\/wp\/v2\/pages"}],"about":[{"href":"https:\/\/staging.centreevasion.com\/index.php\/wp-json\/wp\/v2\/types\/page"}],"author":[{"embeddable":true,"href":"https:\/\/staging.centreevasion.com\/index.php\/wp-json\/wp\/v2\/users\/1"}],"replies":[{"embeddable":true,"href":"https:\/\/staging.centreevasion.com\/index.php\/wp-json\/wp\/v2\/comments?post=11"}],"version-history":[{"count":99,"href":"https:\/\/staging.centreevasion.com\/index.php\/wp-json\/wp\/v2\/pages\/11\/revisions"}],"predecessor-version":[{"id":1499,"href":"https:\/\/staging.centreevasion.com\/index.php\/wp-json\/wp\/v2\/pages\/11\/revisions\/1499"}],"wp:attachment":[{"href":"https:\/\/staging.centreevasion.com\/index.php\/wp-json\/wp\/v2\/media?parent=11"}],"curies":[{"name":"wp","href":"https:\/\/api.w.org\/{rel}","templated":true}]}}