{"id":14,"date":"2021-02-18T05:29:31","date_gmt":"2021-02-18T04:29:31","guid":{"rendered":"https:\/\/staging.centreevasion.com\/?page_id=14"},"modified":"2022-10-27T20:30:10","modified_gmt":"2022-10-27T18:30:10","slug":"service-a-domicile","status":"publish","type":"page","link":"https:\/\/staging.centreevasion.com\/index.php\/service-a-domicile\/","title":{"rendered":"Service \u00e0 domicile"},"content":{"rendered":"\n<h2 class=\"has-vivid-red-color has-text-color wp-block-heading\">Activit\u00e9s de stimulation th\u00e9rapeutique individuelles<\/h2>\n\n\n\n<p>Le service de stimulation th\u00e9rapeutique est d\u00e9livr\u00e9 par des intervenants qualifi\u00e9s (r\u00e9cr\u00e9ologues, \u00e9ducateurs sp\u00e9cialis\u00e9s et techniciens en loisirs) et vise le maintien et le d\u00e9veloppement des capacit\u00e9s physiques, cognitives, psychologiques et sociales des participants. Le b\u00e9n\u00e9ficiaire participe \u00e0 une activit\u00e9 de stimulation individuelle selon un horaire personnalis\u00e9.<\/p>\n\n\n\n<p><strong>Ce service de stimulation th\u00e9rapeutique est offert tous les jours, entre 9h et 20h, par sessions de 3h minimum.<\/strong><\/p>\n\n\n\n<ul class=\"wp-block-list\"><li>Programme d\u2019activit\u00e9 adapt\u00e9 \u00e0 une client\u00e8le autonome ou en perte d\u2019autonomie physique et\/ou cognitive; les activit\u00e9s respectent la dignit\u00e9 et la confidentialit\u00e9 de la personne.<\/li><li>Mat\u00e9riel d\u2019activit\u00e9s inclus<\/li><li>Service disponible en fran\u00e7ais, anglais et plusieurs d\u2019autres langues<\/li><\/ul>\n\n\n\n<div class=\"wp-block-buttons is-layout-flex wp-block-buttons-is-layout-flex\">\n<div class=\"wp-block-button aligncenter\"><a class=\"wp-block-button__link has-white-color has-vivid-red-background-color has-text-color has-background\" href=\"https:\/\/staging.centreevasion.com\/index.php\/demande-inscription\/\">Inscription<\/a><\/div>\n<\/div>\n","protected":false},"excerpt":{"rendered":"<p>Activit\u00e9s de stimulation th\u00e9rapeutique individuelles Le service de stimulation th\u00e9rapeutique est d\u00e9livr\u00e9 par des intervenants qualifi\u00e9s (r\u00e9cr\u00e9ologues, \u00e9ducateurs sp\u00e9cialis\u00e9s et techniciens en loisirs) et vise le maintien et le d\u00e9veloppement des capacit\u00e9s physiques, cognitives, psychologiques et sociales des participants. Le b\u00e9n\u00e9ficiaire participe \u00e0 une activit\u00e9 de stimulation individuelle selon un horaire personnalis\u00e9. Ce service de stimulation th\u00e9rapeutique est offert tous les jours, entre 9h et 20h, par sessions de 3h minimum. Programme d\u2019activit\u00e9 adapt\u00e9 \u00e0 une client\u00e8le autonome ou en perte d\u2019autonomie physique et\/ou cognitive; les activit\u00e9s respectent la dignit\u00e9 et la confidentialit\u00e9 de la<\/p>\n<p><a class=\"more-link\" href=\"https:\/\/staging.centreevasion.com\/index.php\/service-a-domicile\/\">Read More<\/a><\/p>\n","protected":false},"author":1,"featured_media":0,"parent":0,"menu_order":0,"comment_status":"closed","ping_status":"closed","template":"","meta":{"footnotes":""},"class_list":["post-14","page","type-page","status-publish","hentry"],"_links":{"self":[{"href":"https:\/\/staging.centreevasion.com\/index.php\/wp-json\/wp\/v2\/pages\/14","targetHints":{"allow":["GET"]}}],"collection":[{"href":"https:\/\/staging.centreevasion.com\/index.php\/wp-json\/wp\/v2\/pages"}],"about":[{"href":"https:\/\/staging.centreevasion.com\/index.php\/wp-json\/wp\/v2\/types\/page"}],"author":[{"embeddable":true,"href":"https:\/\/staging.centreevasion.com\/index.php\/wp-json\/wp\/v2\/users\/1"}],"replies":[{"embeddable":true,"href":"https:\/\/staging.centreevasion.com\/index.php\/wp-json\/wp\/v2\/comments?post=14"}],"version-history":[{"count":35,"href":"https:\/\/staging.centreevasion.com\/index.php\/wp-json\/wp\/v2\/pages\/14\/revisions"}],"predecessor-version":[{"id":1484,"href":"https:\/\/staging.centreevasion.com\/index.php\/wp-json\/wp\/v2\/pages\/14\/revisions\/1484"}],"wp:attachment":[{"href":"https:\/\/staging.centreevasion.com\/index.php\/wp-json\/wp\/v2\/media?parent=14"}],"curies":[{"name":"wp","href":"https:\/\/api.w.org\/{rel}","templated":true}]}}