{"id":620,"date":"2021-06-11T18:52:49","date_gmt":"2021-06-11T16:52:49","guid":{"rendered":"https:\/\/staging.centreevasion.com\/?page_id=620"},"modified":"2022-11-25T19:56:16","modified_gmt":"2022-11-25T18:56:16","slug":"formulaire-de-contact","status":"publish","type":"page","link":"https:\/\/staging.centreevasion.com\/index.php\/formulaire-de-contact\/","title":{"rendered":"Contactez-nous"},"content":{"rendered":"\n<p class=\"has-small-font-size\">Nous sommes joignable au<strong> 514-738-5151<\/strong> durant les heures d\u2019ouverture du bureau, du <strong>lundi au Vendredi de 9 h 00 \u00e0 16 h 00<\/strong>.<\/p>\n\n\n\n<div class=\"wp-block-columns has-background is-layout-flex wp-container-core-columns-is-layout-9d6595d7 wp-block-columns-is-layout-flex\" style=\"background-color:#f0f0f0\">\n<div class=\"wp-block-column is-layout-flow wp-block-column-is-layout-flow\">\n<div style=\"height:100px\" aria-hidden=\"true\" class=\"wp-block-spacer\"><\/div>\n\n\n\n<p class=\"has-text-align-center has-small-font-size\"><strong>\u00c9vasion Centre de Jour<\/strong> (4\u00e8me \u00e9tage)<br>3530 Rue Jean-Talon Ouest <br>Montr\u00e9al, QC H3R 2G3<\/p>\n\n\n\n<p class=\"has-text-align-center has-small-font-size\">(514) 738-5151<\/p>\n\n\n\n<div class=\"wp-block-columns is-layout-flex wp-container-core-columns-is-layout-9d6595d7 wp-block-columns-is-layout-flex\">\n<div class=\"wp-block-column is-layout-flow wp-block-column-is-layout-flow\" style=\"flex-basis:15%\"><\/div>\n\n\n\n<div class=\"wp-block-column is-layout-flow wp-block-column-is-layout-flow\" style=\"flex-basis:60%\">\n<iframe src=\"https:\/\/www.google.com\/maps\/embed?pb=!1m18!1m12!1m3!1d2796.2127174729567!2d-73.64316808444116!3d45.505796379101454!2m3!1f0!2f0!3f0!3m2!1i1024!2i768!4f13.1!3m3!1m2!1s0x4cc919e1d007fe55%3A0x28949067a9ea582c!2sEvasion%20Centre%20de%20Jour!5e0!3m2!1sfr!2sca!4v1623426743035!5m2!1sfr!2sca\" width=\"800\" height=\"400\" style=\"border:0;\" allowfullscreen=\"\" loading=\"lazy\" align=\"middle\"><\/iframe>\n<\/div>\n\n\n\n<div class=\"wp-block-column is-layout-flow wp-block-column-is-layout-flow\" style=\"flex-basis:15%\"><\/div>\n<\/div>\n\n\n\n<p><\/p>\n<\/div>\n<\/div>\n\n\n\n<div class=\"wp-block-columns is-layout-flex wp-container-core-columns-is-layout-9d6595d7 wp-block-columns-is-layout-flex\">\n<div class=\"wp-block-column is-layout-flow wp-block-column-is-layout-flow\" style=\"flex-basis:25%\"><\/div>\n\n\n\n<div class=\"wp-block-column is-layout-flow wp-block-column-is-layout-flow\" style=\"flex-basis:50%\"><\/div>\n\n\n\n<div class=\"wp-block-column is-layout-flow wp-block-column-is-layout-flow\" style=\"flex-basis:25%\"><\/div>\n<\/div>\n\n\n\n<p><\/p>\n","protected":false},"excerpt":{"rendered":"<p>Nous sommes joignable au 514-738-5151 durant les heures d\u2019ouverture du bureau, du lundi au Vendredi de 9 h 00 \u00e0 16 h 00. \u00c9vasion Centre de Jour (4\u00e8me \u00e9tage)3530 Rue Jean-Talon Ouest Montr\u00e9al, QC H3R 2G3 (514) 738-5151<\/p>\n","protected":false},"author":1,"featured_media":0,"parent":0,"menu_order":0,"comment_status":"closed","ping_status":"closed","template":"","meta":{"footnotes":""},"class_list":["post-620","page","type-page","status-publish","hentry"],"_links":{"self":[{"href":"https:\/\/staging.centreevasion.com\/index.php\/wp-json\/wp\/v2\/pages\/620","targetHints":{"allow":["GET"]}}],"collection":[{"href":"https:\/\/staging.centreevasion.com\/index.php\/wp-json\/wp\/v2\/pages"}],"about":[{"href":"https:\/\/staging.centreevasion.com\/index.php\/wp-json\/wp\/v2\/types\/page"}],"author":[{"embeddable":true,"href":"https:\/\/staging.centreevasion.com\/index.php\/wp-json\/wp\/v2\/users\/1"}],"replies":[{"embeddable":true,"href":"https:\/\/staging.centreevasion.com\/index.php\/wp-json\/wp\/v2\/comments?post=620"}],"version-history":[{"count":46,"href":"https:\/\/staging.centreevasion.com\/index.php\/wp-json\/wp\/v2\/pages\/620\/revisions"}],"predecessor-version":[{"id":1545,"href":"https:\/\/staging.centreevasion.com\/index.php\/wp-json\/wp\/v2\/pages\/620\/revisions\/1545"}],"wp:attachment":[{"href":"https:\/\/staging.centreevasion.com\/index.php\/wp-json\/wp\/v2\/media?parent=620"}],"curies":[{"name":"wp","href":"https:\/\/api.w.org\/{rel}","templated":true}]}}