{"id":66,"date":"2021-02-18T19:45:16","date_gmt":"2021-02-18T18:45:16","guid":{"rendered":"https:\/\/staging.centreevasion.com\/?page_id=66"},"modified":"2022-11-25T18:57:37","modified_gmt":"2022-11-25T17:57:37","slug":"demande-inscription","status":"publish","type":"page","link":"https:\/\/staging.centreevasion.com\/index.php\/demande-inscription\/","title":{"rendered":"Demande d&rsquo;inscription"},"content":{"rendered":"\n<p class=\"has-text-align-left has-vivid-red-color has-text-color has-medium-font-size\"><strong>Inscription aux activit\u00e9s de stimulation th\u00e9rapeutique d\u00e9livr\u00e9es<\/strong> <strong>au centre de jour et \u00e0 domicile.<\/strong><\/p>\n\n\n\n<p>Nous sommes joignable au <strong>(514) 738 &#8211; 5151<\/strong> durant les heures d\u2019ouverture du bureau, <strong>du lundi au Vendredi de 9 h 00 \u00e0 16 h 00<\/strong>.<\/p>\n\n\n\n<div class=\"wp-block-columns is-layout-flex wp-container-core-columns-is-layout-9d6595d7 wp-block-columns-is-layout-flex\">\n<div class=\"wp-block-column is-layout-flow wp-block-column-is-layout-flow\">\n<h2 class=\"has-text-align-center has-white-color has-vivid-red-background-color has-text-color has-background wp-block-heading\">1. TROUSSE D&rsquo;INFORMATION<\/h2>\n\n\n\n<p class=\"has-text-align-center\">Contacter le Centre \u00c9vasion pour obtenir la trousse d\u2019information au : 514-738-5151 ou centre.evasion.mtl@gmail.com<\/p>\n<\/div>\n\n\n\n<div class=\"wp-block-column is-layout-flow wp-block-column-is-layout-flow\">\n<h2 class=\"has-text-align-center has-white-color has-vivid-red-background-color has-text-color has-background wp-block-heading\">2. FICHE D&rsquo;INSCRIPTION<\/h2>\n\n\n\n<p class=\"has-text-align-center\">Remplir la fiche d\u2019inscription et la retourner, par courriel ou par la poste, \u00e0 l\u2019\u00e9quipe de coordination.<\/p>\n<\/div>\n\n\n\n<div class=\"wp-block-column is-layout-flow wp-block-column-is-layout-flow\">\n<h2 class=\"has-text-align-center has-white-color has-vivid-red-background-color has-text-color has-background wp-block-heading\">3. RENCONTRE AVEC LA FAMILLE<\/h2>\n\n\n\n<p class=\"has-text-align-center\">Planification d&rsquo;une rencontre entre la famille et la coordonnatrice pour apprendre \u00e0 se conna\u00eetre et \u00e9laborer les objectifs du service.<\/p>\n<\/div>\n<\/div>\n\n\n\n<p><strong>Processus rapide et d\u00e9marrage du service d\u00e8s que l\u2019aidant et l\u2019aid\u00e9 sont pr\u00eats<\/strong><br>Important : Il n\u2019est pas n\u00e9cessaire d\u2019avoir un diagnostic ou une r\u00e9f\u00e9rence du CLSC pour adh\u00e9rer \u00e0 nos services.<\/p>\n\n\n\n<div style=\"height:100px\" aria-hidden=\"true\" class=\"wp-block-spacer\"><\/div>\n","protected":false},"excerpt":{"rendered":"<p>Inscription aux activit\u00e9s de stimulation th\u00e9rapeutique d\u00e9livr\u00e9es au centre de jour et \u00e0 domicile. Nous sommes joignable au (514) 738 &#8211; 5151 durant les heures d\u2019ouverture du bureau, du lundi au Vendredi de 9 h 00 \u00e0 16 h 00. 1. TROUSSE D&rsquo;INFORMATION Contacter le Centre \u00c9vasion pour obtenir la trousse d\u2019information au : 514-738-5151 ou centre.evasion.mtl@gmail.com 2. FICHE D&rsquo;INSCRIPTION Remplir la fiche d\u2019inscription et la retourner, par courriel ou par la poste, \u00e0 l\u2019\u00e9quipe de coordination. 3. RENCONTRE AVEC LA FAMILLE Planification d&rsquo;une rencontre entre la famille et la coordonnatrice pour apprendre \u00e0 se<\/p>\n<p><a class=\"more-link\" href=\"https:\/\/staging.centreevasion.com\/index.php\/demande-inscription\/\">Read More<\/a><\/p>\n","protected":false},"author":1,"featured_media":0,"parent":0,"menu_order":0,"comment_status":"closed","ping_status":"closed","template":"","meta":{"footnotes":""},"class_list":["post-66","page","type-page","status-publish","hentry"],"_links":{"self":[{"href":"https:\/\/staging.centreevasion.com\/index.php\/wp-json\/wp\/v2\/pages\/66","targetHints":{"allow":["GET"]}}],"collection":[{"href":"https:\/\/staging.centreevasion.com\/index.php\/wp-json\/wp\/v2\/pages"}],"about":[{"href":"https:\/\/staging.centreevasion.com\/index.php\/wp-json\/wp\/v2\/types\/page"}],"author":[{"embeddable":true,"href":"https:\/\/staging.centreevasion.com\/index.php\/wp-json\/wp\/v2\/users\/1"}],"replies":[{"embeddable":true,"href":"https:\/\/staging.centreevasion.com\/index.php\/wp-json\/wp\/v2\/comments?post=66"}],"version-history":[{"count":58,"href":"https:\/\/staging.centreevasion.com\/index.php\/wp-json\/wp\/v2\/pages\/66\/revisions"}],"predecessor-version":[{"id":1531,"href":"https:\/\/staging.centreevasion.com\/index.php\/wp-json\/wp\/v2\/pages\/66\/revisions\/1531"}],"wp:attachment":[{"href":"https:\/\/staging.centreevasion.com\/index.php\/wp-json\/wp\/v2\/media?parent=66"}],"curies":[{"name":"wp","href":"https:\/\/api.w.org\/{rel}","templated":true}]}}